{"id":1750,"date":"2020-01-28T17:07:34","date_gmt":"2020-01-28T17:07:34","guid":{"rendered":"https:\/\/www.e-cv.pt\/?page_id=1750"},"modified":"2024-06-07T15:38:26","modified_gmt":"2024-06-07T15:38:26","slug":"formacoes","status":"publish","type":"page","link":"https:\/\/www.e-cv.pt\/en\/formacoes\/","title":{"rendered":"Training"},"content":{"rendered":"<div id=\"pl-gb1750-69f5be8258bba\"  class=\"panel-layout\" ><div id=\"pg-gb1750-69f5be8258bba-0\"  class=\"panel-grid panel-no-style\" ><div id=\"pgc-gb1750-69f5be8258bba-0-0\"  class=\"panel-grid-cell\" ><div id=\"panel-gb1750-69f5be8258bba-0-0-0\" class=\"so-panel widget widget_themegrill_flash_image tg-widget tg-image-widget panel-first-child panel-last-child\" data-index=\"0\" >\t<img decoding=\"async\" src=\"\" \/>\n<\/div><\/div><\/div><\/div>\n\n<h1 style=\"text-align: center;\"><img loading=\"lazy\" decoding=\"async\" class=\"alignnone  wp-image-1774\" src=\"https:\/\/www.e-cv.pt\/wp-content\/uploads\/2020\/01\/ECV_PT-300x164.png\" alt=\"\" width=\"194\" height=\"106\" srcset=\"https:\/\/www.e-cv.pt\/wp-content\/uploads\/2020\/01\/ECV_PT-300x164.png 300w, https:\/\/www.e-cv.pt\/wp-content\/uploads\/2020\/01\/ECV_PT-768x419.png 768w, https:\/\/www.e-cv.pt\/wp-content\/uploads\/2020\/01\/ECV_PT-1024x559.png 1024w, https:\/\/www.e-cv.pt\/wp-content\/uploads\/2020\/01\/ECV_PT-600x328.png 600w\" sizes=\"auto, (max-width: 194px) 100vw, 194px\" \/><\/h1>\n<h2 style=\"text-align: center;\"><span style=\"color: #963d22;\"><em>One purpose...<\/em><\/span><\/h2>\n<h2 style=\"text-align: center;\"><span style=\"color: #963d22;\"><em>To develop human potential!<\/em><\/span><\/h2>\n\n\n<hr class=\"wp-block-separator has-css-opacity\"\/>\n\n\n\n<p><\/p>\n\n\n\n<p class=\"has-text-align-center has-large-font-size\"><strong>Alliance Postgraduate Courses | UMinho<\/strong><\/p>\n\n\n\n<hr class=\"wp-block-separator has-alpha-channel-opacity\"\/>\n\n\n\n<div class=\"wp-block-media-text is-stacked-on-mobile has-small-font-size\" style=\"grid-template-columns:35% auto\"><figure class=\"wp-block-media-text__media\"><img loading=\"lazy\" decoding=\"async\" width=\"1024\" height=\"683\" src=\"https:\/\/www.e-cv.pt\/wp-content\/uploads\/2024\/06\/f8ec3370-a42d-a7a0-251f-c3ec89a5bfa3-1024x683.jpg\" alt=\"\" class=\"wp-image-3358 size-full\" srcset=\"https:\/\/www.e-cv.pt\/wp-content\/uploads\/2024\/06\/f8ec3370-a42d-a7a0-251f-c3ec89a5bfa3-1024x683.jpg 1024w, https:\/\/www.e-cv.pt\/wp-content\/uploads\/2024\/06\/f8ec3370-a42d-a7a0-251f-c3ec89a5bfa3-300x200.jpg 300w, https:\/\/www.e-cv.pt\/wp-content\/uploads\/2024\/06\/f8ec3370-a42d-a7a0-251f-c3ec89a5bfa3-768x512.jpg 768w, https:\/\/www.e-cv.pt\/wp-content\/uploads\/2024\/06\/f8ec3370-a42d-a7a0-251f-c3ec89a5bfa3-18x12.jpg 18w, https:\/\/www.e-cv.pt\/wp-content\/uploads\/2024\/06\/f8ec3370-a42d-a7a0-251f-c3ec89a5bfa3-272x182.jpg 272w, https:\/\/www.e-cv.pt\/wp-content\/uploads\/2024\/06\/f8ec3370-a42d-a7a0-251f-c3ec89a5bfa3.jpg 1500w\" sizes=\"auto, (max-width: 1024px) 100vw, 1024px\" \/><\/figure><div class=\"wp-block-media-text__content\">\n<p class=\"has-medium-font-size\"><strong> Stress Management for High Performance<\/strong><\/p>\n\n\n\n<p class=\"has-small-font-size\">The School of Psychology, in collaboration with the School of Nursing, presents the in-depth course \u201cStress Management for high performance\u201d. This Short Course, in e-learning mode, focuses on analyzing and promoting participants' stress management skills, with special emphasis on mastering and monitoring personal and situational stress factors and knowledge about developing plans of stress control.<\/p>\n\n\n\n<p class=\"has-medium-font-size\">To find out more information click <a href=\"https:\/\/www.alianca.uminho.pt\/pt\/Portfolio\/GestaoInovacaoEmpresarial\/Paginas\/Gestao-Stress-Alto-Rendimento.aspx\">here<\/a>.<\/p>\n<\/div><\/div>\n\n\n\n<hr class=\"wp-block-separator has-alpha-channel-opacity\"\/>\n\n\n\n<div class=\"wp-block-media-text has-media-on-the-right is-stacked-on-mobile has-small-font-size\" style=\"grid-template-columns:auto 35%\"><div class=\"wp-block-media-text__content\">\n<p class=\"has-medium-font-size\"><strong>Communication, Conflicts and Negotiation for High Performance<\/strong><\/p>\n\n\n\n<p class=\"has-small-font-size\">This course, taught via e-learning, is the result of the Pro.Interagir Program, developed by Escola Compet\u00eancias de Vida, based on research data on the effectiveness of communication. Pro.Interagir applies a theoretical model on the effectiveness of communication developed by the ARDH research group, which belongs to the Psychology Research Center at the University of Minho.<\/p>\n\n\n\n<p class=\"has-medium-font-size\">To find out more information click <a href=\"https:\/\/www.alianca.uminho.pt\/pt\/Portfolio\/GestaoInovacaoEmpresarial\/Paginas\/Comunicacao-Conflitos-Negociacao-Alto-Rendimento.aspx\">here<\/a>.<\/p>\n<\/div><figure class=\"wp-block-media-text__media\"><img loading=\"lazy\" decoding=\"async\" width=\"1024\" height=\"683\" src=\"https:\/\/www.e-cv.pt\/wp-content\/uploads\/2024\/06\/a13da93c-4cf2-5a16-e285-8898a3e5a1bc-1024x683.jpg\" alt=\"\" class=\"wp-image-3359 size-full\" srcset=\"https:\/\/www.e-cv.pt\/wp-content\/uploads\/2024\/06\/a13da93c-4cf2-5a16-e285-8898a3e5a1bc-1024x683.jpg 1024w, https:\/\/www.e-cv.pt\/wp-content\/uploads\/2024\/06\/a13da93c-4cf2-5a16-e285-8898a3e5a1bc-300x200.jpg 300w, https:\/\/www.e-cv.pt\/wp-content\/uploads\/2024\/06\/a13da93c-4cf2-5a16-e285-8898a3e5a1bc-768x512.jpg 768w, https:\/\/www.e-cv.pt\/wp-content\/uploads\/2024\/06\/a13da93c-4cf2-5a16-e285-8898a3e5a1bc-1536x1024.jpg 1536w, https:\/\/www.e-cv.pt\/wp-content\/uploads\/2024\/06\/a13da93c-4cf2-5a16-e285-8898a3e5a1bc-2048x1365.jpg 2048w, https:\/\/www.e-cv.pt\/wp-content\/uploads\/2024\/06\/a13da93c-4cf2-5a16-e285-8898a3e5a1bc-18x12.jpg 18w, https:\/\/www.e-cv.pt\/wp-content\/uploads\/2024\/06\/a13da93c-4cf2-5a16-e285-8898a3e5a1bc-272x182.jpg 272w\" sizes=\"auto, (max-width: 1024px) 100vw, 1024px\" \/><\/figure><\/div>\n\n\n\n<hr class=\"wp-block-separator has-alpha-channel-opacity\"\/>\n\n\n\n<div class=\"wp-block-media-text is-stacked-on-mobile has-small-font-size\" style=\"grid-template-columns:35% auto\"><figure class=\"wp-block-media-text__media\"><img loading=\"lazy\" decoding=\"async\" width=\"1024\" height=\"683\" src=\"https:\/\/www.e-cv.pt\/wp-content\/uploads\/2024\/06\/9c0e1812-776d-9558-5bb2-63af848d184b-1024x683.jpg\" alt=\"\" class=\"wp-image-3360 size-full\" srcset=\"https:\/\/www.e-cv.pt\/wp-content\/uploads\/2024\/06\/9c0e1812-776d-9558-5bb2-63af848d184b-1024x683.jpg 1024w, https:\/\/www.e-cv.pt\/wp-content\/uploads\/2024\/06\/9c0e1812-776d-9558-5bb2-63af848d184b-300x200.jpg 300w, https:\/\/www.e-cv.pt\/wp-content\/uploads\/2024\/06\/9c0e1812-776d-9558-5bb2-63af848d184b-768x512.jpg 768w, https:\/\/www.e-cv.pt\/wp-content\/uploads\/2024\/06\/9c0e1812-776d-9558-5bb2-63af848d184b-1536x1024.jpg 1536w, https:\/\/www.e-cv.pt\/wp-content\/uploads\/2024\/06\/9c0e1812-776d-9558-5bb2-63af848d184b-2048x1365.jpg 2048w, https:\/\/www.e-cv.pt\/wp-content\/uploads\/2024\/06\/9c0e1812-776d-9558-5bb2-63af848d184b-18x12.jpg 18w, https:\/\/www.e-cv.pt\/wp-content\/uploads\/2024\/06\/9c0e1812-776d-9558-5bb2-63af848d184b-272x182.jpg 272w\" sizes=\"auto, (max-width: 1024px) 100vw, 1024px\" \/><\/figure><div class=\"wp-block-media-text__content\">\n<p class=\"has-medium-font-size\"><strong>Leadership for High Performance<\/strong><\/p>\n\n\n\n<p class=\"has-small-font-size\">The School of Psychology, in collaboration with the School of Nursing, presents the in-depth course \u201cLeading for high performance\u201d. This Short Course, in e-learning mode, focuses on analyzing and promoting participants' leadership competence, with special emphasis on leadership cycles, leadership styles and factors that precede leadership. The course is the result of the Pro.L\u00edder Program, developed by Escola Compet\u00eancias de Vida (ECV \u2013 www.e-cv.pt), based on research data on the effectiveness of leadership.<\/p>\n\n\n\n<p class=\"has-medium-font-size\">To find out more information click <a href=\"https:\/\/www.alianca.uminho.pt\/pt\/Portfolio\/GestaoInovacaoEmpresarial\/Paginas\/Liderar-para-Alto-Rendimento.aspx\">here<\/a>.<\/p>\n<\/div><\/div>\n\n\n\n<p><\/p>\n\n\n\n<div class=\"wp-block-columns is-layout-flex wp-container-core-columns-is-layout-9d6595d7 wp-block-columns-is-layout-flex\">\n<div class=\"wp-block-column is-layout-flow wp-block-column-is-layout-flow\" style=\"flex-basis:100%\">\n<div class=\"wp-block-group\"><div class=\"wp-block-group__inner-container is-layout-constrained wp-block-group-is-layout-constrained\"><div\n\t\t\t\n\t\t\tclass=\"so-widget-sow-button so-widget-sow-button-atom-d25cfc094f9d\"\n\t\t\t\n\t\t><div class=\"ow-button-base ow-button-align-center\">\n\t\t\t<a\n\t\t\t\t\thref=\"https:\/\/www.alianca.uminho.pt\/pt\/Portfolio\/GestaoInovacaoEmpresarial\"\n\t\t\t\t\tclass=\"sowb-button ow-icon-placement-left ow-button-hover\" target=\"_blank\" rel=\"noopener noreferrer\" \t>\n\t\t<span>\n\t\t\t\n\t\t\tMore Information\t\t<\/span>\n\t\t\t<\/a>\n\t<\/div>\n<\/div><\/div><\/div>\n<\/div>\n<\/div>","protected":false},"excerpt":{"rendered":"<p>Um des\u00edgnio&#8230; Desenvolver o potencial humano! Cursos de Aprofundamento Alian\u00e7a P\u00f3s-Gradua\u00e7\u00e3o | UMinho Gest\u00e3o de Stress para Alto Rendimento A [&hellip;]<\/p>","protected":false},"author":6,"featured_media":0,"parent":0,"menu_order":0,"comment_status":"closed","ping_status":"closed","template":"","meta":{"_monsterinsights_skip_tracking":false,"_monsterinsights_sitenote_active":false,"_monsterinsights_sitenote_note":"","_monsterinsights_sitenote_category":0,"_uf_show_specific_survey":0,"_uf_disable_surveys":false,"footnotes":""},"class_list":["post-1750","page","type-page","status-publish","hentry"],"_links":{"self":[{"href":"https:\/\/www.e-cv.pt\/en\/wp-json\/wp\/v2\/pages\/1750","targetHints":{"allow":["GET"]}}],"collection":[{"href":"https:\/\/www.e-cv.pt\/en\/wp-json\/wp\/v2\/pages"}],"about":[{"href":"https:\/\/www.e-cv.pt\/en\/wp-json\/wp\/v2\/types\/page"}],"author":[{"embeddable":true,"href":"https:\/\/www.e-cv.pt\/en\/wp-json\/wp\/v2\/users\/6"}],"replies":[{"embeddable":true,"href":"https:\/\/www.e-cv.pt\/en\/wp-json\/wp\/v2\/comments?post=1750"}],"version-history":[{"count":118,"href":"https:\/\/www.e-cv.pt\/en\/wp-json\/wp\/v2\/pages\/1750\/revisions"}],"predecessor-version":[{"id":3373,"href":"https:\/\/www.e-cv.pt\/en\/wp-json\/wp\/v2\/pages\/1750\/revisions\/3373"}],"wp:attachment":[{"href":"https:\/\/www.e-cv.pt\/en\/wp-json\/wp\/v2\/media?parent=1750"}],"curies":[{"name":"wp","href":"https:\/\/api.w.org\/{rel}","templated":true}]}}