{"id":591,"date":"2019-06-15T14:37:02","date_gmt":"2019-06-15T14:37:02","guid":{"rendered":"https:\/\/www.e-cv.pt\/?page_id=591"},"modified":"2024-05-24T09:22:30","modified_gmt":"2024-05-24T09:22:30","slug":"comunicacao","status":"publish","type":"page","link":"https:\/\/www.e-cv.pt\/en\/comunicacao\/","title":{"rendered":"Communication"},"content":{"rendered":"<div id=\"pl-gb591-69f2665607b82\"  class=\"panel-layout\" ><div id=\"pg-gb591-69f2665607b82-0\"  class=\"panel-grid panel-no-style\" ><div id=\"pgc-gb591-69f2665607b82-0-0\"  class=\"panel-grid-cell\" ><div id=\"panel-gb591-69f2665607b82-0-0-0\" class=\"so-panel widget widget_themegrill_flash_image tg-widget tg-image-widget panel-first-child panel-last-child\" data-index=\"0\" >\t<img decoding=\"async\" src=\"https:\/\/www.e-cv.pt\/wp-content\/uploads\/2019\/06\/comunicar_3-e1561397000837.jpeg\" \/>\n<\/div><\/div><\/div><div id=\"pg-gb591-69f2665607b82-1\"  class=\"panel-grid panel-no-style\" ><div id=\"pgc-gb591-69f2665607b82-1-0\"  class=\"panel-grid-cell\" ><div id=\"panel-gb591-69f2665607b82-1-0-0\" class=\"so-panel widget widget_themegrill_flash_image tg-widget tg-image-widget panel-first-child panel-last-child\" data-index=\"1\" ><div class=\"panel-widget-style panel-widget-style-for-gb591-69f2665607b82-1-0-0\" >\t<img decoding=\"async\" src=\"https:\/\/www.e-cv.pt\/wp-content\/uploads\/2019\/09\/pro-interargir_EN.png\" \/>\n<\/div><\/div><\/div><\/div><\/div>\n\n\n<h2 style=\"text-align:center; color:#542a1a\"><em>One look\u2026 One word\u2026 One meaning!<\/em><br><em>Listen, Discuss, and Decide!<\/em><\/h2>\n\n\n<div id=\"pl-gb591-69f2665609e34\"  class=\"panel-layout\" ><div id=\"pg-gb591-69f2665609e34-0\"  class=\"panel-grid panel-no-style\" ><div id=\"pgc-gb591-69f2665609e34-0-0\"  class=\"panel-grid-cell\" ><div id=\"panel-gb591-69f2665609e34-0-0-0\" class=\"so-panel widget widget_media_video panel-first-child panel-last-child\" data-index=\"0\" ><div class=\"panel-widget-style panel-widget-style-for-gb591-69f2665609e34-0-0-0\" ><div style=\"width:100%;\" class=\"wp-video\"><video class=\"wp-video-shortcode\" id=\"video-591-1\" preload=\"metadata\" controls=\"controls\"><source type=\"video\/youtube\" src=\"https:\/\/youtu.be\/dPfqfBjBG2g?_=1\" \/><a href=\"https:\/\/youtu.be\/dPfqfBjBG2g\">https:\/\/youtu.be\/dPfqfBjBG2g<\/a><\/video><\/div><\/div><\/div><\/div><div id=\"pgc-gb591-69f2665609e34-0-1\"  class=\"panel-grid-cell\" ><div id=\"panel-gb591-69f2665609e34-0-1-0\" class=\"so-panel widget widget_sow-editor panel-first-child panel-last-child\" data-index=\"1\" ><div class=\"panel-widget-style panel-widget-style-for-gb591-69f2665609e34-0-1-0\" ><div\n\t\t\t\n\t\t\tclass=\"so-widget-sow-editor so-widget-sow-editor-base\"\n\t\t\t\n\t\t>\n<div class=\"siteorigin-widget-tinymce textwidget\">\n\t<p><a href=\"https:\/\/www.e-cv.pt\/wp-content\/uploads\/2019\/09\/DS-01-Pro.Interagir - 1_EN.pdf\" target=\"_blank\" rel=\"noopener\"><img loading=\"lazy\" decoding=\"async\" class=\"aligncenter wp-image-1509\" src=\"https:\/\/www.e-cv.pt\/wp-content\/uploads\/2019\/09\/DS-01-Pro.Interagir-1_EN-2.jpg\" alt=\"\" width=\"348\" height=\"450\" srcset=\"https:\/\/www.e-cv.pt\/wp-content\/uploads\/2019\/09\/DS-01-Pro.Interagir-1_EN-2.jpg 1275w, https:\/\/www.e-cv.pt\/wp-content\/uploads\/2019\/09\/DS-01-Pro.Interagir-1_EN-2-232x300.jpg 232w, https:\/\/www.e-cv.pt\/wp-content\/uploads\/2019\/09\/DS-01-Pro.Interagir-1_EN-2-768x994.jpg 768w, https:\/\/www.e-cv.pt\/wp-content\/uploads\/2019\/09\/DS-01-Pro.Interagir-1_EN-2-791x1024.jpg 791w, https:\/\/www.e-cv.pt\/wp-content\/uploads\/2019\/09\/DS-01-Pro.Interagir-1_EN-2-600x776.jpg 600w\" sizes=\"auto, (max-width: 348px) 100vw, 348px\" \/><\/a><\/p>\n<\/div>\n<\/div><\/div><\/div><\/div><\/div><div id=\"pg-gb591-69f2665609e34-1\"  class=\"panel-grid panel-has-style\" ><div class=\"panel-row-style panel-row-style-for-gb591-69f2665609e34-1\" ><div id=\"pgc-gb591-69f2665609e34-1-0\"  class=\"panel-grid-cell\" ><div id=\"panel-gb591-69f2665609e34-1-0-0\" class=\"so-panel widget widget_themegrill_flash_heading tg-widget section-title-wrapper panel-first-child panel-last-child\" data-index=\"2\" >\t<h3 class=\"section-title\">What you can achieve...<\/h3>\n<\/div><\/div><\/div><\/div><\/div>\n\n<div id=\"pl-gb591-69f266560ce07\"  class=\"panel-layout\" ><div id=\"pg-gb591-69f266560ce07-0\"  class=\"panel-grid panel-no-style\" ><div id=\"pgc-gb591-69f266560ce07-0-0\"  class=\"panel-grid-cell\" ><div id=\"panel-gb591-69f266560ce07-0-0-0\" class=\"so-panel widget widget_themegrill_flash_service tg-widget tg-single-service panel-first-child panel-last-child\" data-index=\"0\" >\n<div class=\"tg-service-widget tg-service-layout-2\">\n\t<div class=\"service-wrapper\">\n\t\t<div class=\"service-icon-title-wrapper clearfix\">\n\t\t\t\t\t\t<div class=\"service-icon-wrap\"><i class=\"fa fa-search\"><\/i><\/div>\n\t\t\t\t\t\t\t\t\t\t\t\t<h3 class=\"service-title-wrap\">\n\t\t\t\tAnalyzing\t\t\t\t\t\t\t<\/h3>\n\t\t\t\t\t<\/div>\n\t\t\t\t<div class=\"service-content-wrap\">Analyse data about the way you communicate.<\/div>\n\t\t\t\t\t<\/div>\n<\/div>\n<\/div><\/div><div id=\"pgc-gb591-69f266560ce07-0-1\"  class=\"panel-grid-cell\" ><div id=\"panel-gb591-69f266560ce07-0-1-0\" class=\"so-panel widget widget_themegrill_flash_service tg-widget tg-single-service panel-first-child panel-last-child\" data-index=\"1\" >\n<div class=\"tg-service-widget tg-service-layout-2\">\n\t<div class=\"service-wrapper\">\n\t\t<div class=\"service-icon-title-wrapper clearfix\">\n\t\t\t\t\t\t<div class=\"service-icon-wrap\"><i class=\"fa fa-cogs\"><\/i><\/div>\n\t\t\t\t\t\t\t\t\t\t\t\t<h3 class=\"service-title-wrap\">\n\t\t\t\tTraining\t\t\t\t\t\t\t<\/h3>\n\t\t\t\t\t<\/div>\n\t\t\t\t<div class=\"service-content-wrap\">Learn and acquire positive communication behaviours.<\/div>\n\t\t\t\t\t<\/div>\n<\/div>\n<\/div><\/div><div id=\"pgc-gb591-69f266560ce07-0-2\"  class=\"panel-grid-cell\" ><div id=\"panel-gb591-69f266560ce07-0-2-0\" class=\"so-panel widget widget_themegrill_flash_service tg-widget tg-single-service panel-first-child panel-last-child\" data-index=\"2\" >\n<div class=\"tg-service-widget tg-service-layout-2\">\n\t<div class=\"service-wrapper\">\n\t\t<div class=\"service-icon-title-wrapper clearfix\">\n\t\t\t\t\t\t<div class=\"service-icon-wrap\"><i class=\"fa fa-tasks\"><\/i><\/div>\n\t\t\t\t\t\t\t\t\t\t\t\t<h3 class=\"service-title-wrap\">\n\t\t\t\tFormulation\t\t\t\t\t\t\t<\/h3>\n\t\t\t\t\t<\/div>\n\t\t\t\t<div class=\"service-content-wrap\">Elaborate communication plans.<\/div>\n\t\t\t\t\t<\/div>\n<\/div>\n<\/div><\/div><div id=\"pgc-gb591-69f266560ce07-0-3\"  class=\"panel-grid-cell\" ><div id=\"panel-gb591-69f266560ce07-0-3-0\" class=\"so-panel widget widget_themegrill_flash_service tg-widget tg-single-service panel-first-child panel-last-child\" data-index=\"3\" >\n<div class=\"tg-service-widget tg-service-layout-2\">\n\t<div class=\"service-wrapper\">\n\t\t<div class=\"service-icon-title-wrapper clearfix\">\n\t\t\t\t\t\t<div class=\"service-icon-wrap\"><i class=\"fa fa-group\"><\/i><\/div>\n\t\t\t\t\t\t\t\t\t\t\t\t<h3 class=\"service-title-wrap\">\n\t\t\t\tMonitoring\t\t\t\t\t\t\t<\/h3>\n\t\t\t\t\t<\/div>\n\t\t\t\t<div class=\"service-content-wrap\">Individualized feedback during the implementation of positive communication in real life situations.<\/div>\n\t\t\t\t\t<\/div>\n<\/div>\n<\/div><\/div><\/div><\/div>\n\n<div id=\"pl-gb591-69f266560dd67\"  class=\"panel-layout\" ><div id=\"pg-gb591-69f266560dd67-0\"  class=\"panel-grid panel-has-style\" ><div class=\"panel-row-style panel-row-style-for-gb591-69f266560dd67-0\" ><div id=\"pgc-gb591-69f266560dd67-0-0\"  class=\"panel-grid-cell\" ><div id=\"panel-gb591-69f266560dd67-0-0-0\" class=\"so-panel widget widget_themegrill_flash_heading tg-widget section-title-wrapper panel-first-child panel-last-child\" data-index=\"0\" >\t<h3 class=\"section-title\">Pro \u25cf Interact<\/h3>\n<\/div><\/div><\/div><\/div><\/div>\n\n<div id=\"pl-gb591-69f266560e2a8\"  class=\"panel-layout\" ><div id=\"pg-gb591-69f266560e2a8-0\"  class=\"panel-grid panel-no-style\" ><div id=\"pgc-gb591-69f266560e2a8-0-0\"  class=\"panel-grid-cell\" ><div id=\"panel-gb591-69f266560e2a8-0-0-0\" class=\"widget_text so-panel widget widget_custom_html panel-first-child panel-last-child\" data-index=\"0\" ><div class=\"textwidget custom-html-widget\"><div style=\"text-align: justify; text-justify: inter-word;\">\n\t<p>\n\t\tThe Pro\u25cfInteract program aims to develop positive communication skills in a variety of contexts (individual, educational, sports, professional, etc.).\nCommunication training is based on a theoretical model explaining the cycle of communication, including the factors that promote and hinder positive interaction with other people.<a onclick=\"toggle_visibility(this, 'comunicacao')\" style=\"cursor: pointer\"> (See more)<\/a>\n\t<\/p>\n<\/div>\n<div id=\"comunicacao\" style=\"text-align: justify; text-justify: inter-word; display: none\">\n\t<p>\n\t\tWith Pro\u25cfInteract, we aim to enable people to be more effective in how they relate to others. Therefore, participants reflect about the way they usually communicate with other people, how they can maximize their communication skills, and how they can adjust communication to the demands they face on a daily basis.\n\t<\/p>\n\t<p>\n\t\tBy the end of the program, participants can enlist our support in monitoring the implementation of life skills to their life contexts. If this interests you, contact us or visit our website to keep up with our intervention proposals.\n\t<\/p>\n\t<p>\n\t\tIn sum, Pro\u25cfInteract is essentially a challenge to the positive and transforming use of communication! We therefore invite you to join us in this challenging journey!\n\t<\/p>\n<\/div>\n\n<script type=\"text\/javascript\">\n    function toggle_visibility(anchor, id) {\n       var e = document.getElementById(id);\n       if(e.style.display == 'block') {\n          e.style.display = 'none';\n\t\t\t\t\tanchor.innerHTML = \"(Ver mais)\";\n\t\t\t }\n       else {\n          e.style.display = 'block';\n\t\t\t\t  anchor.innerHTML = \"(Ver menos)\";\n\t\t\t }\n    }\n<\/script><\/div><\/div><\/div><\/div><\/div>\n\n\n<hr class=\"wp-block-separator has-css-opacity\"\/>\n\n\n\n<h4 class=\"wp-block-heading has-text-align-center\">Assessment of your communication skill<\/h4>\n\n\n\n<p><\/p>\n\n\n\n<div class=\"wp-block-button aligncenter\"><a class=\"wp-block-button__link has-background wp-element-button\" href=\"https:\/\/epsiuminho.qualtrics.com\/jfe\/form\/SV_2hsJFF7bnZO9r5I\" style=\"background-color:#5c3404\">Readiness for conflict management - Click here<\/a><\/div>\n\n\n\n<div class=\"wp-block-button aligncenter\"><a class=\"wp-block-button__link has-very-light-gray-color has-text-color has-background wp-element-button\" href=\"https:\/\/epsiuminho.qualtrics.com\/jfe\/form\/SV_8cEIbeXUKn6FVQi\" style=\"background-color:#5c3404\">Readiness for communication - Click here<\/a><\/div>\n\n\n\n<p><\/p>\n\n\n\n<p><\/p>","protected":false},"excerpt":{"rendered":"<p>Um olhar &#8230; Uma palavra &#8230; Um significado!Ouvir, Interagir e Decidir! Avalia\u00e7\u00e3o da sua compet\u00eancia de comunica\u00e7\u00e3o<\/p>","protected":false},"author":1,"featured_media":0,"parent":0,"menu_order":0,"comment_status":"closed","ping_status":"closed","template":"","meta":{"_monsterinsights_skip_tracking":false,"_monsterinsights_sitenote_active":false,"_monsterinsights_sitenote_note":"","_monsterinsights_sitenote_category":0,"_uf_show_specific_survey":0,"_uf_disable_surveys":false,"footnotes":""},"class_list":["post-591","page","type-page","status-publish","hentry"],"_links":{"self":[{"href":"https:\/\/www.e-cv.pt\/en\/wp-json\/wp\/v2\/pages\/591","targetHints":{"allow":["GET"]}}],"collection":[{"href":"https:\/\/www.e-cv.pt\/en\/wp-json\/wp\/v2\/pages"}],"about":[{"href":"https:\/\/www.e-cv.pt\/en\/wp-json\/wp\/v2\/types\/page"}],"author":[{"embeddable":true,"href":"https:\/\/www.e-cv.pt\/en\/wp-json\/wp\/v2\/users\/1"}],"replies":[{"embeddable":true,"href":"https:\/\/www.e-cv.pt\/en\/wp-json\/wp\/v2\/comments?post=591"}],"version-history":[{"count":38,"href":"https:\/\/www.e-cv.pt\/en\/wp-json\/wp\/v2\/pages\/591\/revisions"}],"predecessor-version":[{"id":3302,"href":"https:\/\/www.e-cv.pt\/en\/wp-json\/wp\/v2\/pages\/591\/revisions\/3302"}],"wp:attachment":[{"href":"https:\/\/www.e-cv.pt\/en\/wp-json\/wp\/v2\/media?parent=591"}],"curies":[{"name":"wp","href":"https:\/\/api.w.org\/{rel}","templated":true}]}}