{"id":597,"date":"2019-06-15T14:37:40","date_gmt":"2019-06-15T14:37:40","guid":{"rendered":"https:\/\/www.e-cv.pt\/?page_id=597"},"modified":"2024-05-16T17:39:11","modified_gmt":"2024-05-16T17:39:11","slug":"livros","status":"publish","type":"page","link":"https:\/\/www.e-cv.pt\/en\/livros\/","title":{"rendered":"Books"},"content":{"rendered":"<div id=\"pl-gb597-69f5939a859e1\"  class=\"panel-layout\" ><div id=\"pg-gb597-69f5939a859e1-0\"  class=\"panel-grid panel-has-style\" ><div class=\"panel-row-style panel-row-style-for-gb597-69f5939a859e1-0\" ><div id=\"pgc-gb597-69f5939a859e1-0-0\"  class=\"panel-grid-cell\" ><div id=\"panel-gb597-69f5939a859e1-0-0-0\" class=\"so-panel widget widget_themegrill_flash_image tg-widget tg-image-widget panel-first-child panel-last-child\" data-index=\"0\" >\t<img decoding=\"async\" src=\"https:\/\/www.e-cv.pt\/wp-content\/uploads\/2019\/06\/publicacoes_4-e1561286559237.jpeg\" \/>\n<\/div><\/div><\/div><\/div><div id=\"pg-gb597-69f5939a859e1-1\"  class=\"panel-grid panel-no-style\" ><div id=\"pgc-gb597-69f5939a859e1-1-0\"  class=\"panel-grid-cell\" ><div id=\"panel-gb597-69f5939a859e1-1-0-0\" class=\"so-panel widget widget_sow-editor panel-first-child panel-last-child\" data-index=\"1\" ><div class=\"flash_inherit_color panel-widget-style panel-widget-style-for-gb597-69f5939a859e1-1-0-0\" ><div\n\t\t\t\n\t\t\tclass=\"so-widget-sow-editor so-widget-sow-editor-base\"\n\t\t\t\n\t\t>\n<div class=\"siteorigin-widget-tinymce textwidget\">\n\t<h2 style=\"text-align: center;\"><em>One purpose...<\/em><\/h2>\n<h2 style=\"text-align: center;\"><em>To develop human potential!<\/em><\/h2>\n<\/div>\n<\/div><\/div><\/div><\/div><\/div><div id=\"pg-gb597-69f5939a859e1-2\"  class=\"panel-grid panel-has-style\" ><div class=\"panel-row-style panel-row-style-for-gb597-69f5939a859e1-2\" ><div id=\"pgc-gb597-69f5939a859e1-2-0\"  class=\"panel-grid-cell\" ><div id=\"panel-gb597-69f5939a859e1-2-0-0\" class=\"so-panel widget widget_themegrill_flash_heading tg-widget section-title-wrapper panel-first-child panel-last-child\" data-index=\"2\" >\t<h3 class=\"section-title\">OUR BOOKS<\/h3>\n<\/div><\/div><\/div><\/div><div id=\"pg-gb597-69f5939a859e1-3\"  class=\"panel-grid panel-has-style\" ><div class=\"panel-row-style panel-row-style-for-gb597-69f5939a859e1-3\" ><div id=\"pgc-gb597-69f5939a859e1-3-0\"  class=\"panel-grid-cell\" ><div id=\"panel-gb597-69f5939a859e1-3-0-0\" class=\"so-panel widget widget_themegrill_flash_team tg-widget tg-single-team panel-first-child panel-last-child\" data-index=\"3\" ><div class=\"tg-team-widget tg-team-layout-1\">\n\t<div class=\"team-wrapper\">\n\t\t\t\t<div class=\"team-img\">\n\t\t\t\t\t\t<img decoding=\"async\" src=\"https:\/\/www.ardh.pt\/wp-content\/uploads\/2024\/03\/capture_202403131127046671.png\" alt=\"Desporto juvenil: Contributos da psicologia para o desenvolvimento dos atletas\"\/>\n\t\t<\/div>\n\t\t\t\t<div class=\"team-content-wrapper\">\n\t\t\t<div class=\"team-desc-wrapper\">\n\t\t\t\t<h3 class=\"team-title\">Youth sport: Contributions of psychology to the development of athletes<\/h3>\n\t\t\t\t<div class=\"team-designation\">Rui Gomes<\/div>\n\t\t\t\t<div class=\"team-content\">Book | 2024 | Available <a href=\"https:\/\/hdl.handle.net\/1822\/89480\" target=\"_blank\">here<\/a><\/div>\n\t\t\t\t\t\t\t<\/div>\n\t\t<\/div>\n\t<\/div>\n<\/div>\n<\/div><\/div><div id=\"pgc-gb597-69f5939a859e1-3-1\"  class=\"panel-grid-cell\" ><div id=\"panel-gb597-69f5939a859e1-3-1-0\" class=\"so-panel widget widget_themegrill_flash_team tg-widget tg-single-team panel-first-child panel-last-child\" data-index=\"4\" ><div class=\"tg-team-widget tg-team-layout-1\">\n\t<div class=\"team-wrapper\">\n\t\t\t\t<div class=\"team-img\">\n\t\t\t\t\t\t<img decoding=\"async\" src=\"https:\/\/www.e-cv.pt\/wp-content\/uploads\/2021\/02\/Capa-3-M\u00e1xima-resolu\u00e7\u00e3o-2.jpeg\" alt=\"Liderar com Efic\u00e1cia | Um Guia Pr\u00e1tico\"\/>\n\t\t<\/div>\n\t\t\t\t<div class=\"team-content-wrapper\">\n\t\t\t<div class=\"team-desc-wrapper\">\n\t\t\t\t<h3 class=\"team-title\">Leading with Efficacy | A Practical Guide<\/h3>\n\t\t\t\t<div class=\"team-designation\">Rui Gomes<\/div>\n\t\t\t\t<div class=\"team-content\">Leading with Efficacy | 2021 | Available <a href=\"https:\/\/www.kobo.com\/pt\/pt\/ebook\/liderar-com-eficacia-um-guia-pratico\" target=\"_blank\">here<\/a><\/div>\n\t\t\t\t\t\t\t<\/div>\n\t\t<\/div>\n\t<\/div>\n<\/div>\n<\/div><\/div><div id=\"pgc-gb597-69f5939a859e1-3-2\"  class=\"panel-grid-cell\" ><div id=\"panel-gb597-69f5939a859e1-3-2-0\" class=\"so-panel widget widget_themegrill_flash_team tg-widget tg-single-team panel-first-child panel-last-child\" data-index=\"5\" ><div class=\"tg-team-widget tg-team-layout-1\">\n\t<div class=\"team-wrapper\">\n\t\t\t\t<div class=\"team-img\">\n\t\t\t\t\t\t<img decoding=\"async\" src=\"https:\/\/www.e-cv.pt\/wp-content\/uploads\/2021\/03\/Capa-JPEG.jpg\" alt=\"Coaching for human development and performance in sports\"\/>\n\t\t<\/div>\n\t\t\t\t<div class=\"team-content-wrapper\">\n\t\t\t<div class=\"team-desc-wrapper\">\n\t\t\t\t<h3 class=\"team-title\">Coaching for human development and performance in sports<\/h3>\n\t\t\t\t<div class=\"team-designation\">Rui Resende &amp; Rui Gomes<\/div>\n\t\t\t\t<div class=\"team-content\">Coaching for human development and performance in sports | 2020 | Dispon\u00edvel <a href=\"https:\/\/www.springer.com\/gp\/book\/9783030639112\" target=\"_blank\">here<\/a><\/div>\n\t\t\t\t\t\t\t<\/div>\n\t\t<\/div>\n\t<\/div>\n<\/div>\n<\/div><\/div><div id=\"pgc-gb597-69f5939a859e1-3-3\"  class=\"panel-grid-cell\" ><div id=\"panel-gb597-69f5939a859e1-3-3-0\" class=\"so-panel widget widget_themegrill_flash_team tg-widget tg-single-team panel-first-child panel-last-child\" data-index=\"6\" ><div class=\"tg-team-widget tg-team-layout-1\">\n\t<div class=\"team-wrapper\">\n\t\t\t\t<div class=\"team-img\">\n\t\t\t\t\t\t<img decoding=\"async\" src=\"https:\/\/www.e-cv.pt\/wp-content\/uploads\/2024\/02\/capa-relacoes-interpessoais-concepcoes-e-contextos-de-intervencao-e-avaliacao.jpg\" alt=\"Rela\u00e7\u00f5es interpessoais: Concep\u00e7\u00f5es e Contextos de Interven\u00e7\u00e3o e Avalia\u00e7\u00e3o\"\/>\n\t\t<\/div>\n\t\t\t\t<div class=\"team-content-wrapper\">\n\t\t\t<div class=\"team-desc-wrapper\">\n\t\t\t\t<h3 class=\"team-title\">Interpersonal relationships: Conceptions and Contexts of Intervention and Assessment<\/h3>\n\t\t\t\t<div class=\"team-designation\">D. Bartholomeu, J. Montiel, A. Machado, R. Gomes, G. Couto e V. Borges.<\/div>\n\t\t\t\t<div class=\"team-content\">General Psychology | Pages: 380 | 1st Edition | 2016 Available <a href=\"https:\/\/www.amazon.com.br\/Interpessoais-Concep%C3%A7%C3%B5es-Contextos-Interven%C3%A7%C3%A3o-Avalia%C3%A7%C3%A3o\/dp\/8575857827\" target=\"_blank\">here<\/a><\/div>\n\t\t\t\t\t\t\t<\/div>\n\t\t<\/div>\n\t<\/div>\n<\/div>\n<\/div><\/div><\/div><\/div><div id=\"pg-gb597-69f5939a859e1-4\"  class=\"panel-grid panel-has-style\" ><div class=\"panel-row-style panel-row-style-for-gb597-69f5939a859e1-4\" ><div id=\"pgc-gb597-69f5939a859e1-4-0\"  class=\"panel-grid-cell\" ><div id=\"panel-gb597-69f5939a859e1-4-0-0\" class=\"so-panel widget widget_themegrill_flash_team tg-widget tg-single-team panel-first-child panel-last-child\" data-index=\"7\" ><div class=\"tg-team-widget tg-team-layout-1\">\n\t<div class=\"team-wrapper\">\n\t\t\t\t<div class=\"team-img\">\n\t\t\t\t\t\t<img decoding=\"async\" src=\"https:\/\/www.e-cv.pt\/wp-content\/uploads\/2024\/02\/500x.jpeg\" alt=\"Forma\u00e7\u00e3o e saberes em desporto, educa\u00e7\u00e3o f\u00edsica e lazer\"\/>\n\t\t<\/div>\n\t\t\t\t<div class=\"team-content-wrapper\">\n\t\t\t<div class=\"team-desc-wrapper\">\n\t\t\t\t<h3 class=\"team-title\">Training and knowledge in sport, physical education and leisure<\/h3>\n\t\t\t\t<div class=\"team-designation\">R. Resende; A. Albuquerque; R. Gomes<\/div>\n\t\t\t\t<div class=\"team-content\">Number of pages: 560 | Edited in: 2015 | Language: Portuguese | Available <a href=\"http:\/\/www.omniservicos.pt\/novidades\/4168\" target=\"_blank\">here<\/a><\/div>\n\t\t\t\t\t\t\t<\/div>\n\t\t<\/div>\n\t<\/div>\n<\/div>\n<\/div><\/div><div id=\"pgc-gb597-69f5939a859e1-4-1\"  class=\"panel-grid-cell\" ><div id=\"panel-gb597-69f5939a859e1-4-1-0\" class=\"so-panel widget widget_themegrill_flash_team tg-widget tg-single-team panel-first-child panel-last-child\" data-index=\"8\" ><div class=\"tg-team-widget tg-team-layout-1\">\n\t<div class=\"team-wrapper\">\n\t\t\t\t<div class=\"team-img\">\n\t\t\t\t\t\t<img decoding=\"async\" src=\"https:\/\/www.e-cv.pt\/wp-content\/uploads\/2019\/06\/positiveHuman_vol1.png\" alt=\"Positive Human Functioning From a Multidimensional Perspective\"\/>\n\t\t<\/div>\n\t\t\t\t<div class=\"team-content-wrapper\">\n\t\t\t<div class=\"team-desc-wrapper\">\n\t\t\t\t<h3 class=\"team-title\">Positive Human Functioning From a Multidimensional Perspective<\/h3>\n\t\t\t\t<div class=\"team-designation\">A.R., Resende, R., &amp; Albuquerque, A. (Eds.) (2014)<\/div>\n\t\t\t\t<div class=\"team-content\">Promoting Stress Adaptation | Volume 1 | Psychology of Emotions, Motivations and Actions | Dispon\u00edvel <a href=\"https:\/\/www.ardh.pt\/documentos\/investigacao\/publicacoes\/liv3.pdf\" target=\"_blank\">here<\/a><\/div>\n\t\t\t\t\t\t\t<\/div>\n\t\t<\/div>\n\t<\/div>\n<\/div>\n<\/div><\/div><div id=\"pgc-gb597-69f5939a859e1-4-2\"  class=\"panel-grid-cell\" ><div id=\"panel-gb597-69f5939a859e1-4-2-0\" class=\"so-panel widget widget_themegrill_flash_team tg-widget tg-single-team panel-first-child panel-last-child\" data-index=\"9\" ><div class=\"tg-team-widget tg-team-layout-1\">\n\t<div class=\"team-wrapper\">\n\t\t\t\t<div class=\"team-img\">\n\t\t\t\t\t\t<img decoding=\"async\" src=\"https:\/\/www.e-cv.pt\/wp-content\/uploads\/2019\/06\/positiveHuman_vol2.png\" alt=\"Positive Human Functioning From a Multidimensional Perspective\"\/>\n\t\t<\/div>\n\t\t\t\t<div class=\"team-content-wrapper\">\n\t\t\t<div class=\"team-desc-wrapper\">\n\t\t\t\t<h3 class=\"team-title\">Positive Human Functioning From a Multidimensional Perspective<\/h3>\n\t\t\t\t<div class=\"team-designation\">A.R., Resende, R., &amp; Albuquerque, A. (Eds.) (2014)<\/div>\n\t\t\t\t<div class=\"team-content\">Promoting Healthy Lifestyle | Volume 2 | Psychology of Emotions, Motivations and Actions | Dispon\u00edvel <a href=\"https:\/\/www.ardh.pt\/documentos\/investigacao\/publicacoes\/liv4.pdf\" target=\"_blank\">here<\/a><\/div>\n\t\t\t\t\t\t\t<\/div>\n\t\t<\/div>\n\t<\/div>\n<\/div>\n<\/div><\/div><div id=\"pgc-gb597-69f5939a859e1-4-3\"  class=\"panel-grid-cell\" ><div id=\"panel-gb597-69f5939a859e1-4-3-0\" class=\"so-panel widget widget_themegrill_flash_team tg-widget tg-single-team panel-first-child panel-last-child\" data-index=\"10\" ><div class=\"tg-team-widget tg-team-layout-1\">\n\t<div class=\"team-wrapper\">\n\t\t\t\t<div class=\"team-img\">\n\t\t\t\t\t\t<img decoding=\"async\" src=\"https:\/\/www.e-cv.pt\/wp-content\/uploads\/2021\/02\/positiveHuman_vol3.png\" alt=\"Positive Human Functioning From a Multidimensional Perspective\"\/>\n\t\t<\/div>\n\t\t\t\t<div class=\"team-content-wrapper\">\n\t\t\t<div class=\"team-desc-wrapper\">\n\t\t\t\t<h3 class=\"team-title\">Positive Human Functioning From a Multidimensional Perspective<\/h3>\n\t\t\t\t<div class=\"team-designation\">A.R., Resende, R., &amp; Albuquerque, A. (Eds.) (2014)<\/div>\n\t\t\t\t<div class=\"team-content\">Promoting Stress Adaptation | Volume 3 | Psychology of Emotions, Motivations and Actions | Dispon\u00edvel <a href=\"https:\/\/www.ardh.pt\/documentos\/investigacao\/publicacoes\/liv5.pdf\" target=\"_blank\">here<\/a><\/div>\n\t\t\t\t\t\t\t<\/div>\n\t\t<\/div>\n\t<\/div>\n<\/div>\n<\/div><\/div><\/div><\/div><div id=\"pg-gb597-69f5939a859e1-5\"  class=\"panel-grid panel-has-style\" ><div class=\"panel-row-style panel-row-style-for-gb597-69f5939a859e1-5\" ><div id=\"pgc-gb597-69f5939a859e1-5-0\"  class=\"panel-grid-cell\" ><div id=\"panel-gb597-69f5939a859e1-5-0-0\" class=\"so-panel widget widget_themegrill_flash_team tg-widget tg-single-team panel-first-child panel-last-child\" data-index=\"11\" ><div class=\"tg-team-widget tg-team-layout-1\">\n\t<div class=\"team-wrapper\">\n\t\t\t\t<div class=\"team-img\">\n\t\t\t\t\t\t<img decoding=\"async\" src=\"https:\/\/www.e-cv.pt\/wp-content\/uploads\/2024\/02\/1703714575.webp\" alt=\"PSICOLOGIA DO ESPORTE - DA ESCOLA \u00c0 COMPETI\u00c7\u00c3O\"\/>\n\t\t<\/div>\n\t\t\t\t<div class=\"team-content-wrapper\">\n\t\t\t<div class=\"team-desc-wrapper\">\n\t\t\t\t<h3 class=\"team-title\">Sports Psychology - From School to Competition<\/h3>\n\t\t\t\t<div class=\"team-designation\">Organisers: Afonso Antonio Machado and Rui Gomes<\/div>\n\t\t\t\t<div class=\"team-content\">1st edition \u2013 2011 | 312 pages | Available <a>here<\/a> <\/div>\n\t\t\t\t\t\t\t<\/div>\n\t\t<\/div>\n\t<\/div>\n<\/div>\n<\/div><\/div><div id=\"pgc-gb597-69f5939a859e1-5-1\"  class=\"panel-grid-cell\" ><div id=\"panel-gb597-69f5939a859e1-5-1-0\" class=\"so-panel widget widget_themegrill_flash_team tg-widget tg-single-team panel-first-child panel-last-child\" data-index=\"12\" ><div class=\"tg-team-widget tg-team-layout-1\">\n\t<div class=\"team-wrapper\">\n\t\t\t\t<div class=\"team-img\">\n\t\t\t\t\t\t<img decoding=\"async\" src=\"https:\/\/www.e-cv.pt\/wp-content\/uploads\/2024\/01\/capture_20240122185645846.png\" alt=\"Promo\u00e7\u00e3o de experi\u00eancias positivas em crian\u00e7as e jovens: programa de compet\u00eancias de vida\"\/>\n\t\t<\/div>\n\t\t\t\t<div class=\"team-content-wrapper\">\n\t\t\t<div class=\"team-desc-wrapper\">\n\t\t\t\t<h3 class=\"team-title\">Promoting positive experiences in children and young people: life skills program<\/h3>\n\t\t\t\t<div class=\"team-designation\">Rui Gomes<\/div>\n\t\t\t\t<div class=\"team-content\">Manual for the Monitor | 2010 | Available <a href=\"https:\/\/repositorium.sdum.uminho.pt\/handle\/1822\/19021\" target=\"_blank\">here<\/a><\/div>\n\t\t\t\t\t\t\t<\/div>\n\t\t<\/div>\n\t<\/div>\n<\/div>\n<\/div><\/div><div id=\"pgc-gb597-69f5939a859e1-5-2\"  class=\"panel-grid-cell\" ><div id=\"panel-gb597-69f5939a859e1-5-2-0\" class=\"so-panel widget widget_themegrill_flash_team tg-widget tg-single-team panel-first-child panel-last-child\" data-index=\"13\" ><div class=\"tg-team-widget tg-team-layout-1\">\n\t<div class=\"team-wrapper\">\n\t\t\t\t<div class=\"team-img\">\n\t\t\t\t\t\t<img decoding=\"async\" src=\"https:\/\/www.e-cv.pt\/wp-content\/uploads\/2024\/01\/capture_20240122185958368.png\" alt=\"Promo\u00e7\u00e3o de experi\u00eancias positivas em crian\u00e7as e jovens: programa de compet\u00eancias de vida\"\/>\n\t\t<\/div>\n\t\t\t\t<div class=\"team-content-wrapper\">\n\t\t\t<div class=\"team-desc-wrapper\">\n\t\t\t\t<h3 class=\"team-title\">Promoting positive experiences in children and young people: life skills program<\/h3>\n\t\t\t\t<div class=\"team-designation\">Rui Gomes<\/div>\n\t\t\t\t<div class=\"team-content\">Manual for participants \u2013 Part I: up to 10 years old; Part II: more than 10 years | 2010 | Available <a href=\"https:\/\/repositorium.sdum.uminho.pt\/handle\/1822\/19022\" target=\"_blank\">here<\/a><\/div>\n\t\t\t\t\t\t\t<\/div>\n\t\t<\/div>\n\t<\/div>\n<\/div>\n<\/div><\/div><\/div><\/div><\/div>\n\n\n<p><\/p>","protected":false},"excerpt":{"rendered":"<p>Um des\u00edgnio&#8230; Desenvolver o potencial humano!<\/p>","protected":false},"author":1,"featured_media":0,"parent":0,"menu_order":0,"comment_status":"closed","ping_status":"closed","template":"","meta":{"_monsterinsights_skip_tracking":false,"_monsterinsights_sitenote_active":false,"_monsterinsights_sitenote_note":"","_monsterinsights_sitenote_category":0,"_uf_show_specific_survey":0,"_uf_disable_surveys":false,"footnotes":""},"class_list":["post-597","page","type-page","status-publish","hentry"],"_links":{"self":[{"href":"https:\/\/www.e-cv.pt\/en\/wp-json\/wp\/v2\/pages\/597","targetHints":{"allow":["GET"]}}],"collection":[{"href":"https:\/\/www.e-cv.pt\/en\/wp-json\/wp\/v2\/pages"}],"about":[{"href":"https:\/\/www.e-cv.pt\/en\/wp-json\/wp\/v2\/types\/page"}],"author":[{"embeddable":true,"href":"https:\/\/www.e-cv.pt\/en\/wp-json\/wp\/v2\/users\/1"}],"replies":[{"embeddable":true,"href":"https:\/\/www.e-cv.pt\/en\/wp-json\/wp\/v2\/comments?post=597"}],"version-history":[{"count":56,"href":"https:\/\/www.e-cv.pt\/en\/wp-json\/wp\/v2\/pages\/597\/revisions"}],"predecessor-version":[{"id":3290,"href":"https:\/\/www.e-cv.pt\/en\/wp-json\/wp\/v2\/pages\/597\/revisions\/3290"}],"wp:attachment":[{"href":"https:\/\/www.e-cv.pt\/en\/wp-json\/wp\/v2\/media?parent=597"}],"curies":[{"name":"wp","href":"https:\/\/api.w.org\/{rel}","templated":true}]}}